{"id":6,"date":"2019-02-10T15:44:34","date_gmt":"2019-02-10T14:44:34","guid":{"rendered":"http:\/\/swidnicanotariusz.pl\/?page_id=6"},"modified":"2024-01-10T13:07:16","modified_gmt":"2024-01-10T12:07:16","slug":"kancelaria","status":"publish","type":"page","link":"https:\/\/swidnicanotariusz.pl\/","title":{"rendered":"Kancelaria"},"content":{"rendered":"\t\t<div data-elementor-type=\"wp-page\" data-elementor-id=\"6\" class=\"elementor elementor-6\" data-elementor-post-type=\"page\">\n\t\t\t\t\t\t<section class=\"elementor-section elementor-top-section elementor-element elementor-element-a096fa3 elementor-section-height-min-height elementor-section-boxed elementor-section-height-default elementor-section-items-middle\" data-id=\"a096fa3\" data-element_type=\"section\" data-settings=\"{&quot;background_background&quot;:&quot;classic&quot;}\">\n\t\t\t\t\t\t\t<div class=\"elementor-background-overlay\"><\/div>\n\t\t\t\t\t\t\t<div class=\"elementor-container elementor-column-gap-default\">\n\t\t\t\t\t<div class=\"elementor-column elementor-col-50 elementor-top-column elementor-element elementor-element-9713c32\" data-id=\"9713c32\" data-element_type=\"column\">\n\t\t\t<div class=\"elementor-widget-wrap elementor-element-populated\">\n\t\t\t\t\t\t<div class=\"elementor-element elementor-element-7f5f7c5 elementor-widget elementor-widget-heading\" data-id=\"7f5f7c5\" data-element_type=\"widget\" data-widget_type=\"heading.default\">\n\t\t\t\t<div class=\"elementor-widget-container\">\n\t\t\t\t\t<h2 class=\"elementor-heading-title elementor-size-default\">Katarzyna Wicher<\/h2>\t\t\t\t<\/div>\n\t\t\t\t<\/div>\n\t\t\t\t<div class=\"elementor-element elementor-element-1d59c68 elementor-widget elementor-widget-heading\" data-id=\"1d59c68\" data-element_type=\"widget\" data-widget_type=\"heading.default\">\n\t\t\t\t<div class=\"elementor-widget-container\">\n\t\t\t\t\t<h2 class=\"elementor-heading-title elementor-size-default\">KANCELARIA NOTARIALNA\n<\/h2>\t\t\t\t<\/div>\n\t\t\t\t<\/div>\n\t\t\t\t<div class=\"elementor-element elementor-element-1198009 elementor-widget elementor-widget-text-editor\" data-id=\"1198009\" data-element_type=\"widget\" data-widget_type=\"text-editor.default\">\n\t\t\t\t<div class=\"elementor-widget-container\">\n\t\t\t\t\t\t\t\t\t<p>Szanowni Pa\u0144stwo,<br \/>Nasza Kancelaria mie\u015bci si\u0119 w Centrum \u015awidnicy, w bliskim s\u0105siedztwie rynku,<br \/>przy ulicy Jagiello\u0144skiej 28\/lok. 1A, na parterze.<br \/>W odpowiedzi na Pa\u0144stwa potrzeby dokonujemy czynno\u015bci w SOBOTY,<br \/>jednak w tym celu nale\u017cy wcze\u015bniej um\u00f3wi\u0107 si\u0119 i dostarczy\u0107 dokumenty.<\/p>\t\t\t\t\t\t\t\t<\/div>\n\t\t\t\t<\/div>\n\t\t\t\t<div class=\"elementor-element elementor-element-fe3385a elementor-widget elementor-widget-button\" data-id=\"fe3385a\" data-element_type=\"widget\" data-widget_type=\"button.default\">\n\t\t\t\t<div class=\"elementor-widget-container\">\n\t\t\t\t\t\t\t\t\t<div class=\"elementor-button-wrapper\">\n\t\t\t\t\t<a class=\"elementor-button elementor-button-link elementor-size-md\" href=\"https:\/\/swidnicanotariusz.pl\/index.php\/uslugi-notarialne\/\">\n\t\t\t\t\t\t<span class=\"elementor-button-content-wrapper\">\n\t\t\t\t\t\t<span class=\"elementor-button-icon\">\n\t\t\t\t<i aria-hidden=\"true\" class=\"far fa-arrow-alt-circle-down\"><\/i>\t\t\t<\/span>\n\t\t\t\t\t\t\t\t\t<span class=\"elementor-button-text\">Us\u0142ugi notarialne<\/span>\n\t\t\t\t\t<\/span>\n\t\t\t\t\t<\/a>\n\t\t\t\t<\/div>\n\t\t\t\t\t\t\t\t<\/div>\n\t\t\t\t<\/div>\n\t\t\t\t\t<\/div>\n\t\t<\/div>\n\t\t\t\t<div class=\"elementor-column elementor-col-50 elementor-top-column elementor-element elementor-element-5f0bbf7\" data-id=\"5f0bbf7\" data-element_type=\"column\">\n\t\t\t<div class=\"elementor-widget-wrap elementor-element-populated\">\n\t\t\t\t\t\t<div class=\"elementor-element elementor-element-f3fbeaa elementor-widget elementor-widget-text-editor\" data-id=\"f3fbeaa\" data-element_type=\"widget\" data-widget_type=\"text-editor.default\">\n\t\t\t\t<div class=\"elementor-widget-container\">\n\t\t\t\t\t\t\t\t\t<h1><i style=\"color: #ff0000; font-size: 23px;\"><span style=\"color: #ffffff;\">M\u00d3WIMY W J\u0118ZYKU\u00a0<\/span><\/i><\/h1><h1><i style=\"color: #ff0000; font-size: 23px;\"><span style=\"color: #ffffff;\"><u>UKRAI\u0143SKIM\u00a0<\/u><\/span><\/i><i style=\"font-family: 'Open Sans', sans-serif; font-size: 23px; font-variant-ligatures: normal; font-variant-caps: normal; font-weight: 600; color: #ff0000;\"><span style=\"font-size: 23px; color: #ffffff;\">I\u00a0<\/span><\/i><i style=\"font-family: 'Open Sans', sans-serif; font-size: 23px; font-variant-ligatures: normal; font-variant-caps: normal; font-weight: 600; color: #ff0000;\"><span style=\"font-size: 23px; color: #ffffff;\">ANGIELSKIM\u00a0<\/span><\/i><\/h1>\t\t\t\t\t\t\t\t<\/div>\n\t\t\t\t<\/div>\n\t\t\t\t\t<\/div>\n\t\t<\/div>\n\t\t\t\t\t<\/div>\n\t\t<\/section>\n\t\t\t\t<section class=\"elementor-section elementor-top-section elementor-element elementor-element-454cae4 elementor-section-stretched elementor-section-boxed elementor-section-height-default elementor-section-height-default\" data-id=\"454cae4\" data-element_type=\"section\" data-settings=\"{&quot;stretch_section&quot;:&quot;section-stretched&quot;,&quot;background_background&quot;:&quot;classic&quot;}\">\n\t\t\t\t\t\t<div class=\"elementor-container elementor-column-gap-no\">\n\t\t\t\t\t<div class=\"elementor-column elementor-col-100 elementor-top-column elementor-element elementor-element-462d9cef\" data-id=\"462d9cef\" data-element_type=\"column\">\n\t\t\t<div class=\"elementor-widget-wrap elementor-element-populated\">\n\t\t\t\t\t\t<section class=\"elementor-section elementor-inner-section elementor-element elementor-element-78f26125 elementor-section-full_width elementor-section-height-default elementor-section-height-default\" data-id=\"78f26125\" data-element_type=\"section\">\n\t\t\t\t\t\t<div class=\"elementor-container elementor-column-gap-extended\">\n\t\t\t\t\t<div class=\"elementor-column elementor-col-50 elementor-inner-column elementor-element elementor-element-4999d08\" data-id=\"4999d08\" data-element_type=\"column\">\n\t\t\t<div class=\"elementor-widget-wrap elementor-element-populated\">\n\t\t\t\t\t\t<div class=\"elementor-element elementor-element-90bb21b elementor-widget elementor-widget-heading\" data-id=\"90bb21b\" data-element_type=\"widget\" data-widget_type=\"heading.default\">\n\t\t\t\t<div class=\"elementor-widget-container\">\n\t\t\t\t\t<h2 class=\"elementor-heading-title elementor-size-default\">Informacje<\/h2>\t\t\t\t<\/div>\n\t\t\t\t<\/div>\n\t\t\t\t\t<\/div>\n\t\t<\/div>\n\t\t\t\t<div class=\"elementor-column elementor-col-50 elementor-inner-column elementor-element elementor-element-3184382f\" data-id=\"3184382f\" data-element_type=\"column\">\n\t\t\t<div class=\"elementor-widget-wrap elementor-element-populated\">\n\t\t\t\t\t\t<div class=\"elementor-element elementor-element-651f7fce elementor-widget elementor-widget-text-editor\" data-id=\"651f7fce\" data-element_type=\"widget\" data-widget_type=\"text-editor.default\">\n\t\t\t\t<div class=\"elementor-widget-container\">\n\t\t\t\t\t\t\t\t\t<p>W celu za\u0142atwienia sprawy zapraszamy do kontaktu z Kancelari\u0105 (osobi\u015bcie, telefonicznie lub drog\u0105 elektroniczn\u0105).<br \/>Jest to konieczne do ustalenia rodzaju czynno\u015bci notarialnej oraz udzielenia Pa\u0144stwu informacji o niezb\u0119dnych dokumentach i kosztach.<\/p>\t\t\t\t\t\t\t\t<\/div>\n\t\t\t\t<\/div>\n\t\t\t\t\t<\/div>\n\t\t<\/div>\n\t\t\t\t\t<\/div>\n\t\t<\/section>\n\t\t\t\t<section class=\"elementor-section elementor-inner-section elementor-element elementor-element-7a0fd7c elementor-section-full_width elementor-section-height-default elementor-section-height-default\" data-id=\"7a0fd7c\" data-element_type=\"section\">\n\t\t\t\t\t\t<div class=\"elementor-container elementor-column-gap-extended\">\n\t\t\t\t\t<div class=\"elementor-column elementor-col-100 elementor-inner-column elementor-element elementor-element-b9a14ba\" data-id=\"b9a14ba\" data-element_type=\"column\">\n\t\t\t<div class=\"elementor-widget-wrap elementor-element-populated\">\n\t\t\t\t\t\t<div class=\"elementor-element elementor-element-90832aa ekit-equal-height-enable elementor-widget elementor-widget-elementskit-icon-box\" data-id=\"90832aa\" data-element_type=\"widget\" data-widget_type=\"elementskit-icon-box.default\">\n\t\t\t\t<div class=\"elementor-widget-container\">\n\t\t\t\t\t<div class=\"ekit-wid-con\" >        <!-- link opening -->\n                <a href=\"#\" class=\"ekit_global_links\">\n                <!-- end link opening -->\n\n        <div class=\"elementskit-infobox text-center text- icon-top-align elementor-animation-   \">\n                    <div class=\"elementskit-box-header elementor-animation-\">\n                <div class=\"elementskit-info-box-icon  \">\n                    <i aria-hidden=\"true\" class=\"elementkit-infobox-icon icon icon-agenda\"><\/i>\n                <\/div>\n          <\/div>\n                        <div class=\"box-body\">\n                            <h4 class=\"elementskit-info-box-title\">\n                    Notariusz                <\/h4>\n                        \t\t  \t<p>Notariusz jest powo\u0142any do dokonywania czynno\u015bci, kt\u00f3rym strony s\u0105 obowi\u0105zane lub pragn\u0105 nada\u0107 form\u0119 notarialn\u0105 (czynno\u015bci notarialnych). Czynno\u015bci notarialne, dokonane przez notariusza zgodnie z prawem, maj\u0105 charakter dokumentu urz\u0119dowego. Rol\u0105 notariusza jest czuwanie nad nale\u017cytym zabezpieczeniem praw i s\u0142usznych interes\u00f3w stron oraz innych os\u00f3b, dla kt\u00f3rych czynno\u015b\u0107 mo\u017ce powodowa\u0107 skutki prawne.<\/p>\n                                <\/div>\n        \n        \n                <\/div>\n                <\/a>\n        <\/div>\t\t\t\t<\/div>\n\t\t\t\t<\/div>\n\t\t\t\t\t<\/div>\n\t\t<\/div>\n\t\t\t\t\t<\/div>\n\t\t<\/section>\n\t\t\t\t<section class=\"elementor-section elementor-inner-section elementor-element elementor-element-3f769c8 elementor-section-full_width elementor-section-height-default elementor-section-height-default\" data-id=\"3f769c8\" data-element_type=\"section\">\n\t\t\t\t\t\t<div class=\"elementor-container elementor-column-gap-extended\">\n\t\t\t\t\t<div class=\"elementor-column elementor-col-100 elementor-inner-column elementor-element elementor-element-6260120\" data-id=\"6260120\" data-element_type=\"column\">\n\t\t\t<div class=\"elementor-widget-wrap elementor-element-populated\">\n\t\t\t\t\t\t<div class=\"elementor-element elementor-element-4980c25 ekit-equal-height-enable elementor-widget elementor-widget-elementskit-icon-box\" data-id=\"4980c25\" data-element_type=\"widget\" data-widget_type=\"elementskit-icon-box.default\">\n\t\t\t\t<div class=\"elementor-widget-container\">\n\t\t\t\t\t<div class=\"ekit-wid-con\" >        <!-- link opening -->\n                <a href=\"#\" class=\"ekit_global_links\">\n                <!-- end link opening -->\n\n        <div class=\"elementskit-infobox text-center text- icon-top-align elementor-animation-   \">\n                    <div class=\"elementskit-box-header elementor-animation-\">\n                <div class=\"elementskit-info-box-icon  \">\n                    <i aria-hidden=\"true\" class=\"elementkit-infobox-icon icon icon-justice-1\"><\/i>\n                <\/div>\n          <\/div>\n                        <div class=\"box-body\">\n                            <h4 class=\"elementskit-info-box-title\">\n                    Notariusz Katarzyna Wicher                <\/h4>\n                        \t\t  \t<p>Notariusz Katarzyna Wicher - uko\u0144czy\u0142a studia prawnicze na Uniwersytecie Wroc\u0142awskim, nast\u0119pnie odby\u0142a aplikacj\u0119 notarialn\u0105 i pracowa\u0142a w charakterze asesora notarialnego oraz zast\u0119pcy notarialnego. W 2013 roku zosta\u0142a powo\u0142ana na notariusza decyzj\u0105 Ministra Sprawiedliwo\u015bci. <\/p>\n                                <\/div>\n        \n        \n                <\/div>\n                <\/a>\n        <\/div>\t\t\t\t<\/div>\n\t\t\t\t<\/div>\n\t\t\t\t\t<\/div>\n\t\t<\/div>\n\t\t\t\t\t<\/div>\n\t\t<\/section>\n\t\t\t\t\t<\/div>\n\t\t<\/div>\n\t\t\t\t\t<\/div>\n\t\t<\/section>\n\t\t\t\t<\/div>\n\t\t","protected":false},"excerpt":{"rendered":"<p>Katarzyna Wicher KANCELARIA NOTARIALNA Szanowni Pa\u0144stwo,Nasza Kancelaria mie\u015bci si\u0119 w Centrum \u015awidnicy, w bliskim s\u0105siedztwie rynku,przy ulicy Jagiello\u0144skiej 28\/lok. 1A, na parterze.W odpowiedzi na Pa\u0144stwa potrzeby dokonujemy czynno\u015bci w SOBOTY,jednak w tym celu nale\u017cy wcze\u015bniej um\u00f3wi\u0107 si\u0119 i dostarczy\u0107 dokumenty. Us\u0142ugi notarialne M\u00d3WIMY W J\u0118ZYKU\u00a0 UKRAI\u0143SKIM\u00a0I\u00a0ANGIELSKIM\u00a0 Informacje W celu za\u0142atwienia sprawy zapraszamy do kontaktu z [&hellip;]<\/p>\n","protected":false},"author":1,"featured_media":0,"parent":0,"menu_order":0,"comment_status":"closed","ping_status":"closed","template":"elementor_header_footer","meta":{"footnotes":""},"class_list":["post-6","page","type-page","status-publish","hentry","entry"],"_links":{"self":[{"href":"https:\/\/swidnicanotariusz.pl\/index.php\/wp-json\/wp\/v2\/pages\/6","targetHints":{"allow":["GET"]}}],"collection":[{"href":"https:\/\/swidnicanotariusz.pl\/index.php\/wp-json\/wp\/v2\/pages"}],"about":[{"href":"https:\/\/swidnicanotariusz.pl\/index.php\/wp-json\/wp\/v2\/types\/page"}],"author":[{"embeddable":true,"href":"https:\/\/swidnicanotariusz.pl\/index.php\/wp-json\/wp\/v2\/users\/1"}],"replies":[{"embeddable":true,"href":"https:\/\/swidnicanotariusz.pl\/index.php\/wp-json\/wp\/v2\/comments?post=6"}],"version-history":[{"count":5,"href":"https:\/\/swidnicanotariusz.pl\/index.php\/wp-json\/wp\/v2\/pages\/6\/revisions"}],"predecessor-version":[{"id":431,"href":"https:\/\/swidnicanotariusz.pl\/index.php\/wp-json\/wp\/v2\/pages\/6\/revisions\/431"}],"wp:attachment":[{"href":"https:\/\/swidnicanotariusz.pl\/index.php\/wp-json\/wp\/v2\/media?parent=6"}],"curies":[{"name":"wp","href":"https:\/\/api.w.org\/{rel}","templated":true}]}}