{"id":215,"date":"2021-11-12T15:13:03","date_gmt":"2021-11-12T14:13:03","guid":{"rendered":"http:\/\/swidnicanotariusz.pl\/?page_id=215"},"modified":"2021-11-15T10:25:33","modified_gmt":"2021-11-15T09:25:33","slug":"zasady-dzialania","status":"publish","type":"page","link":"https:\/\/swidnicanotariusz.pl\/index.php\/zasady-dzialania\/","title":{"rendered":"Zasady dzia\u0142ania"},"content":{"rendered":"\t\t<div data-elementor-type=\"wp-page\" data-elementor-id=\"215\" class=\"elementor elementor-215\" data-elementor-post-type=\"page\">\n\t\t\t\t\t\t<section class=\"elementor-section elementor-top-section elementor-element elementor-element-fe2146b elementor-section-height-min-height elementor-section-boxed elementor-section-height-default elementor-section-items-middle\" data-id=\"fe2146b\" data-element_type=\"section\" data-settings=\"{&quot;background_background&quot;:&quot;classic&quot;}\">\n\t\t\t\t\t\t\t<div class=\"elementor-background-overlay\"><\/div>\n\t\t\t\t\t\t\t<div class=\"elementor-container elementor-column-gap-default\">\n\t\t\t\t\t<div class=\"elementor-column elementor-col-100 elementor-top-column elementor-element elementor-element-5b5ef05\" data-id=\"5b5ef05\" data-element_type=\"column\">\n\t\t\t<div class=\"elementor-widget-wrap elementor-element-populated\">\n\t\t\t\t\t\t<div class=\"elementor-element elementor-element-096acf5 elementor-widget elementor-widget-heading\" data-id=\"096acf5\" data-element_type=\"widget\" data-widget_type=\"heading.default\">\n\t\t\t\t<div class=\"elementor-widget-container\">\n\t\t\t\t\t<h2 class=\"elementor-heading-title elementor-size-default\">ZASADY DZIA\u0141ANIA<\/h2>\t\t\t\t<\/div>\n\t\t\t\t<\/div>\n\t\t\t\t<div class=\"elementor-element elementor-element-28f6c0f elementor-widget-divider--view-line elementor-widget elementor-widget-divider\" data-id=\"28f6c0f\" data-element_type=\"widget\" data-widget_type=\"divider.default\">\n\t\t\t\t<div class=\"elementor-widget-container\">\n\t\t\t\t\t\t\t<div class=\"elementor-divider\">\n\t\t\t<span class=\"elementor-divider-separator\">\n\t\t\t\t\t\t<\/span>\n\t\t<\/div>\n\t\t\t\t\t\t<\/div>\n\t\t\t\t<\/div>\n\t\t\t\t\t<\/div>\n\t\t<\/div>\n\t\t\t\t\t<\/div>\n\t\t<\/section>\n\t\t\t\t<section class=\"elementor-section elementor-top-section elementor-element elementor-element-de1f5be elementor-section-boxed elementor-section-height-default elementor-section-height-default\" data-id=\"de1f5be\" data-element_type=\"section\">\n\t\t\t\t\t\t<div class=\"elementor-container elementor-column-gap-default\">\n\t\t\t\t\t<div class=\"elementor-column elementor-col-100 elementor-top-column elementor-element elementor-element-12bbf25\" data-id=\"12bbf25\" data-element_type=\"column\">\n\t\t\t<div class=\"elementor-widget-wrap elementor-element-populated\">\n\t\t\t\t\t\t<div class=\"elementor-element elementor-element-9a14eb0 elementor-widget elementor-widget-text-editor\" data-id=\"9a14eb0\" data-element_type=\"widget\" data-widget_type=\"text-editor.default\">\n\t\t\t\t<div class=\"elementor-widget-container\">\n\t\t\t\t\t\t\t\t\t<ul><li><b>Zaanga\u017cowanie<\/b><\/li><\/ul><p><span style=\"font-weight: 400;\">Wykonujemy nasz\u0105 prac\u0119 z du\u017cym oddaniem, a ka\u017cdy Klient jest traktowany indywidualnie. Ka\u017cda Pa\u0144stwa sprawa jest dla nas wa\u017cna. Nasi Klienci spotykaj\u0105 si\u0119 z du\u017cym zrozumieniem i empati\u0105, szczeg\u00f3lnie w trudnych \u017cyciowych sytuacjach, jak \u015bmier\u0107 osoby bliskiej, rozw\u00f3d, spory pomi\u0119dzy wsp\u00f3\u0142w\u0142a\u015bcicielami.<\/span><\/p><ul><li><b>Profesjonalizm<\/b><\/li><\/ul><p><span style=\"font-weight: 400;\">Dzi\u0119ki d\u0142ugoletniemu do\u015bwiadczeniu, wiedzy i umiej\u0119tno\u015bciom, \u015bwiadczymy Pa\u0144stwu us\u0142ugi na najwy\u017cszym poziome. Oferujemy pe\u0142en przekr\u00f3j us\u0142ug, na co dzie\u0144 wsp\u00f3\u0142pracujemy z adwokatami i radcami prawnymi zapewniaj\u0105c klientom mo\u017cliwo\u015b\u0107 za\u0142atwienia sprawy bez inicjowania post\u0119powa\u0144 s\u0105dowych, zaufa\u0142y nam du\u017ce sp\u00f3\u0142ki prawa handlowego, obs\u0142ugujemy inwestycje\u00a0 deweloperskie.<\/span><\/p><ul><li><b>Dok\u0142adno\u015b\u0107 i odpowiedzialno\u015b\u0107<\/b><\/li><\/ul><p><span style=\"font-weight: 400;\">Prowadzimy Pa\u0144stwa sprawy z du\u017c\u0105 staranno\u015bci\u0105 i odpowiedzialno\u015bci\u0105. Dbamy, aby podczas dokonywania czynno\u015bci rozwia\u0107 wszystkie Pa\u0144stwa w\u0105tpliwo\u015bci i odpowiedzie\u0107 na wszystkie pytania zwi\u0105zane z transakcj\u0105.\u00a0\u00a0\u00a0\u00a0<\/span><\/p><ul><li><b>Pewno\u015b\u0107<\/b><\/li><\/ul><p><span style=\"font-weight: 400;\">Udzielamy Pa\u0144stwu wszelkich niezb\u0119dnych informacji, aby mogli Pa\u0144stwo podj\u0105\u0107 w\u0142a\u015bciwe decyzje. Dbamy o to, aby podj\u0119te przez Pa\u0144stwa kroki wywo\u0142a\u0142y zamierzone skutki prawne. Zapewniamy \u00a0 pewno\u015b\u0107 obrotu gospodarczego. Dzi\u0119ki \u0142atwemu\u00a0 dost\u0119powi do depozytu pieni\u0119dzy zapewniamy Pa\u0144stwu bezpiecze\u0144stwo przy p\u0142atno\u015bciach zwi\u0105zanych z transakcjami. W\u00f3wczas ca\u0142a odpowiedzialno\u015b\u0107 za zap\u0142at\u0119 spoczywa na Notariuszu, a Strony nie maj\u0105 obaw, \u017ce b\u0119d\u0105 nara\u017cone na konieczno\u015b\u0107 dochodzenia pieni\u0119dzy w post\u0119powaniu egzekucyjnym.<\/span><\/p><ul><li><b>Terminowo\u015b\u0107<\/b><\/li><\/ul><p><span style=\"font-weight: 400;\">Dok\u0142adamy nale\u017cytych stara\u0144, aby\u00a0 zapewni\u0107 wszystkim Klientom wystarczaj\u0105cy czas na za\u0142atwienie sprawy oraz uzyskanie wszelkich niezb\u0119dnych informacji. Traktujemy Pa\u0144stwa czas z szacunkiem, dlatego dbamy, aby czynno\u015bci rozpoczyna\u0142y si\u0119 i ko\u0144czy\u0142y punktualnie.<\/span><\/p><ul><li><b>Elastyczno\u015b\u0107<\/b><\/li><\/ul><p><span style=\"font-weight: 400;\">Staramy si\u0119 dostosowywa\u0107 do Pa\u0144stwa potrzeb, dlatego jeste\u015bmy elastyczni w kwestii umawiania termin\u00f3w spotka\u0144. Je\u015bli nie mog\u0105 Pa\u0144stwo za\u0142atwi\u0107 swojej sprawy w godzinach pracy Kancelarii, postaramy si\u0119 przyj\u0105\u0107 Pa\u0144stwa poza tymi godzinami albo w sobot\u0119. W tym celu nale\u017cy wcze\u015bniej skontaktowa\u0107 si\u0119 z Kancelari\u0105, aby um\u00f3wi\u0107 si\u0119 na spotkanie.<\/span><\/p><p><span style=\"font-weight: 400;\">Je\u015bli z uwagi na stan zdrowia, b\u0105d\u017a inne szczeg\u00f3lne okoliczno\u015bci, Klient nie mo\u017ce osobi\u015bcie stawi\u0107 si\u0119 w Kancelarii, w\u00f3wczas notariusz przyjedzie do domu, b\u0105d\u017a innego wskazanego miejsca. Notariusz Katarzyna Wicher dokonuje czynno\u015bci poza Kancelari\u0105, przyje\u017cd\u017caj\u0105c do Klienta z niezb\u0119dnym sprz\u0119tem (komputerem i drukark\u0105), jak r\u00f3wnie\u017c ma mo\u017cliwo\u015b\u0107 sk\u0142adania u Klienta wniosk\u00f3w, dotycz\u0105cych wpis\u00f3w w ksi\u0119dze wieczystej, rejestrowania protoko\u0142\u00f3w sp\u00f3\u0142ek w systemie CREWAN,\u00a0 rejestrowania Akt\u00f3w Po\u015bwiadczenia Dziedziczenia w Rejestrze Spadkowym, testament\u00f3w w Rejestrze Testament\u00f3w i innych. Na pro\u015bb\u0119 klienta wyp\u0142aca z depozytu notarialnego kwot\u0119 ceny niezw\u0142ocznie po podpisaniu umowy sprzeda\u017cy jeszcze przy Klientach.<\/span><\/p><ul><li><b>Bezp\u0142atne udzielanie informacji<\/b><\/li><\/ul><p><span style=\"font-weight: 400;\">Notariusz Katarzyna Wicher bezp\u0142atnie udziela wyczerpuj\u0105cych informacji zwi\u0105zanych z czynno\u015bciami osobi\u015bcie, telefonicznie i drog\u0105 mailow\u0105.<\/span><\/p><ul><li><b>Tajemnica notarialna<\/b><\/li><\/ul><p><span style=\"font-weight: 400;\">Notariusz jest zobowi\u0105zany zachowa\u0107 w tajemnicy okoliczno\u015bci sprawy, o kt\u00f3rych dowiedzia\u0142 si\u0119 w zwi\u0105zku z wykonywan\u0105 czynno\u015bci\u0105 notarialn\u0105. Dlatego nasi Klienci mog\u0105 czu\u0107 si\u0119 ca\u0142kowicie bezpiecznie udzielaj\u0105c nam informacji dotycz\u0105cych swoich prywatnych spraw.<\/span><\/p>\t\t\t\t\t\t\t\t<\/div>\n\t\t\t\t<\/div>\n\t\t\t\t\t<\/div>\n\t\t<\/div>\n\t\t\t\t\t<\/div>\n\t\t<\/section>\n\t\t\t\t<\/div>\n\t\t","protected":false},"excerpt":{"rendered":"<p>ZASADY DZIA\u0141ANIA Zaanga\u017cowanie Wykonujemy nasz\u0105 prac\u0119 z du\u017cym oddaniem, a ka\u017cdy Klient jest traktowany indywidualnie. Ka\u017cda Pa\u0144stwa sprawa jest dla nas wa\u017cna. Nasi Klienci spotykaj\u0105 si\u0119 z du\u017cym zrozumieniem i empati\u0105, szczeg\u00f3lnie w trudnych \u017cyciowych sytuacjach, jak \u015bmier\u0107 osoby bliskiej, rozw\u00f3d, spory pomi\u0119dzy wsp\u00f3\u0142w\u0142a\u015bcicielami. Profesjonalizm Dzi\u0119ki d\u0142ugoletniemu do\u015bwiadczeniu, wiedzy i umiej\u0119tno\u015bciom, \u015bwiadczymy Pa\u0144stwu us\u0142ugi na [&hellip;]<\/p>\n","protected":false},"author":1,"featured_media":0,"parent":0,"menu_order":0,"comment_status":"closed","ping_status":"closed","template":"elementor_header_footer","meta":{"footnotes":""},"class_list":["post-215","page","type-page","status-publish","hentry","entry"],"_links":{"self":[{"href":"https:\/\/swidnicanotariusz.pl\/index.php\/wp-json\/wp\/v2\/pages\/215","targetHints":{"allow":["GET"]}}],"collection":[{"href":"https:\/\/swidnicanotariusz.pl\/index.php\/wp-json\/wp\/v2\/pages"}],"about":[{"href":"https:\/\/swidnicanotariusz.pl\/index.php\/wp-json\/wp\/v2\/types\/page"}],"author":[{"embeddable":true,"href":"https:\/\/swidnicanotariusz.pl\/index.php\/wp-json\/wp\/v2\/users\/1"}],"replies":[{"embeddable":true,"href":"https:\/\/swidnicanotariusz.pl\/index.php\/wp-json\/wp\/v2\/comments?post=215"}],"version-history":[{"count":5,"href":"https:\/\/swidnicanotariusz.pl\/index.php\/wp-json\/wp\/v2\/pages\/215\/revisions"}],"predecessor-version":[{"id":301,"href":"https:\/\/swidnicanotariusz.pl\/index.php\/wp-json\/wp\/v2\/pages\/215\/revisions\/301"}],"wp:attachment":[{"href":"https:\/\/swidnicanotariusz.pl\/index.php\/wp-json\/wp\/v2\/media?parent=215"}],"curies":[{"name":"wp","href":"https:\/\/api.w.org\/{rel}","templated":true}]}}