{"id":143,"date":"2021-11-12T14:35:36","date_gmt":"2021-11-12T13:35:36","guid":{"rendered":"http:\/\/swidnicanotariusz.pl\/?page_id=143"},"modified":"2025-10-21T15:45:28","modified_gmt":"2025-10-21T13:45:28","slug":"faq","status":"publish","type":"page","link":"https:\/\/swidnicanotariusz.pl\/index.php\/faq\/","title":{"rendered":"Faq"},"content":{"rendered":"\t\t<div data-elementor-type=\"wp-page\" data-elementor-id=\"143\" class=\"elementor elementor-143\" data-elementor-post-type=\"page\">\n\t\t\t\t\t\t<section class=\"elementor-section elementor-top-section elementor-element elementor-element-c3afcbe elementor-section-height-min-height elementor-section-boxed elementor-section-height-default elementor-section-items-middle\" data-id=\"c3afcbe\" data-element_type=\"section\" data-settings=\"{&quot;background_background&quot;:&quot;classic&quot;}\">\n\t\t\t\t\t\t\t<div class=\"elementor-background-overlay\"><\/div>\n\t\t\t\t\t\t\t<div class=\"elementor-container elementor-column-gap-default\">\n\t\t\t\t\t<div class=\"elementor-column elementor-col-100 elementor-top-column elementor-element elementor-element-d814484\" data-id=\"d814484\" data-element_type=\"column\">\n\t\t\t<div class=\"elementor-widget-wrap elementor-element-populated\">\n\t\t\t\t\t\t<div class=\"elementor-element elementor-element-ecf00fe elementor-widget elementor-widget-heading\" data-id=\"ecf00fe\" data-element_type=\"widget\" data-widget_type=\"heading.default\">\n\t\t\t\t<div class=\"elementor-widget-container\">\n\t\t\t\t\t<h2 class=\"elementor-heading-title elementor-size-default\">FAQ<\/h2>\t\t\t\t<\/div>\n\t\t\t\t<\/div>\n\t\t\t\t<div class=\"elementor-element elementor-element-168f8e4 elementor-widget-divider--view-line elementor-widget elementor-widget-divider\" data-id=\"168f8e4\" data-element_type=\"widget\" data-widget_type=\"divider.default\">\n\t\t\t\t<div class=\"elementor-widget-container\">\n\t\t\t\t\t\t\t<div class=\"elementor-divider\">\n\t\t\t<span class=\"elementor-divider-separator\">\n\t\t\t\t\t\t<\/span>\n\t\t<\/div>\n\t\t\t\t\t\t<\/div>\n\t\t\t\t<\/div>\n\t\t\t\t\t<\/div>\n\t\t<\/div>\n\t\t\t\t\t<\/div>\n\t\t<\/section>\n\t\t\t\t<section class=\"elementor-section elementor-top-section elementor-element elementor-element-e81b8e8 elementor-section-boxed elementor-section-height-default elementor-section-height-default\" data-id=\"e81b8e8\" data-element_type=\"section\">\n\t\t\t\t\t\t<div class=\"elementor-container elementor-column-gap-default\">\n\t\t\t\t\t<div class=\"elementor-column elementor-col-100 elementor-top-column elementor-element elementor-element-cfa5697\" data-id=\"cfa5697\" data-element_type=\"column\">\n\t\t\t<div class=\"elementor-widget-wrap elementor-element-populated\">\n\t\t\t\t\t\t<div class=\"elementor-element elementor-element-4146367 elementor-widget elementor-widget-text-editor\" data-id=\"4146367\" data-element_type=\"widget\" data-widget_type=\"text-editor.default\">\n\t\t\t\t<div class=\"elementor-widget-container\">\n\t\t\t\t\t\t\t\t\tW celu u\u0142atwienia Pa\u0144stwu za\u0142atwienia mniej skomplikowanych spraw, zamie\u015bcili\u015bmy podstawowe informacje, aby mogli Pa\u0144stwo dzia\u0142a\u0107 szybciej i sprawniej. W razie w\u0105tpliwo\u015bci prosimy o bezpo\u015bredni kontakt z Kancelari\u0105, gdzie nasi pracownicy wszystko dok\u0142adnie wyja\u015bni\u0105 i um\u00f3wi\u0105 termin spotkania.\t\t\t\t\t\t\t\t<\/div>\n\t\t\t\t<\/div>\n\t\t\t\t\t<\/div>\n\t\t<\/div>\n\t\t\t\t\t<\/div>\n\t\t<\/section>\n\t\t\t\t<section class=\"elementor-section elementor-top-section elementor-element elementor-element-c65fb25 elementor-section-boxed elementor-section-height-default elementor-section-height-default\" data-id=\"c65fb25\" data-element_type=\"section\">\n\t\t\t\t\t\t<div class=\"elementor-container elementor-column-gap-default\">\n\t\t\t\t\t<div class=\"elementor-column elementor-col-100 elementor-top-column elementor-element elementor-element-0e93097\" data-id=\"0e93097\" data-element_type=\"column\">\n\t\t\t<div class=\"elementor-widget-wrap elementor-element-populated\">\n\t\t\t\t\t\t<div class=\"elementor-element elementor-element-4a24b7f elementor-widget elementor-widget-toggle\" data-id=\"4a24b7f\" data-element_type=\"widget\" data-widget_type=\"toggle.default\">\n\t\t\t\t<div class=\"elementor-widget-container\">\n\t\t\t\t\t\t\t<div class=\"elementor-toggle\">\n\t\t\t\t\t\t\t<div class=\"elementor-toggle-item\">\n\t\t\t\t\t<h6 id=\"elementor-tab-title-7771\" class=\"elementor-tab-title\" data-tab=\"1\" role=\"button\" aria-controls=\"elementor-tab-content-7771\" aria-expanded=\"false\">\n\t\t\t\t\t\t\t\t\t\t\t\t<span class=\"elementor-toggle-icon elementor-toggle-icon-right\" aria-hidden=\"true\">\n\t\t\t\t\t\t\t\t\t\t\t\t\t\t\t<span class=\"elementor-toggle-icon-closed\"><i class=\"fas fa-plus-circle\"><\/i><\/span>\n\t\t\t\t\t\t\t\t<span class=\"elementor-toggle-icon-opened\"><i class=\"elementor-toggle-icon-opened fas fa-minus-circle\"><\/i><\/span>\n\t\t\t\t\t\t\t\t\t\t\t\t\t<\/span>\n\t\t\t\t\t\t\t\t\t\t\t\t<a class=\"elementor-toggle-title\" tabindex=\"0\"> Jak za\u0142atwi\u0107 po\u015bwiadczenie podpisu na dokumencie?<\/a>\n\t\t\t\t\t<\/h6>\n\n\t\t\t\t\t<div id=\"elementor-tab-content-7771\" class=\"elementor-tab-content elementor-clearfix\" data-tab=\"1\" role=\"region\" aria-labelledby=\"elementor-tab-title-7771\"><p>Je\u015bli zale\u017cy Pa\u0144stwu na czasie, zalecamy um\u00f3wi\u0107 termin po\u015bwiadczenia podpisu, wtedy czas dokonania czynno\u015bci b\u0119dzie kr\u00f3tszy. Prosimy o samodzielne przygotowanie tre\u015bci dokumentu i przybycie z nim do Kancelarii (nale\u017cy zabra\u0107 ze sob\u0105 dokument to\u017csamo\u015bci &#8211; dow\u00f3d osobisty\/paszport). Prosimy NIE PODPISYWA\u0106 SI\u0118 wcze\u015bniej na dokumencie. Nale\u017cy to uczyni\u0107 w obecno\u015bci notariusza. Koszt po\u015bwiadczenia to kwota 20 z\u0142 netto od ka\u017cdego podpisu (stawka vat wynosi 23%). Natomiast w sytuacji, gdy przedmiot jest oznaczony sum\u0105 pieni\u0119\u017cn\u0105, taks\u0119 wyliczamy od kwoty i w celu jej podania prosimy o kontakt z Kancelari\u0105.<\/p><\/div>\n\t\t\t\t<\/div>\n\t\t\t\t\t\t\t<div class=\"elementor-toggle-item\">\n\t\t\t\t\t<h6 id=\"elementor-tab-title-7772\" class=\"elementor-tab-title\" data-tab=\"2\" role=\"button\" aria-controls=\"elementor-tab-content-7772\" aria-expanded=\"false\">\n\t\t\t\t\t\t\t\t\t\t\t\t<span class=\"elementor-toggle-icon elementor-toggle-icon-right\" aria-hidden=\"true\">\n\t\t\t\t\t\t\t\t\t\t\t\t\t\t\t<span class=\"elementor-toggle-icon-closed\"><i class=\"fas fa-plus-circle\"><\/i><\/span>\n\t\t\t\t\t\t\t\t<span class=\"elementor-toggle-icon-opened\"><i class=\"elementor-toggle-icon-opened fas fa-minus-circle\"><\/i><\/span>\n\t\t\t\t\t\t\t\t\t\t\t\t\t<\/span>\n\t\t\t\t\t\t\t\t\t\t\t\t<a class=\"elementor-toggle-title\" tabindex=\"0\">Jak za\u0142atwi\u0107 po\u015bwiadczenie zgodno\u015bci kopii z okazanym dokumentem?<\/a>\n\t\t\t\t\t<\/h6>\n\n\t\t\t\t\t<div id=\"elementor-tab-content-7772\" class=\"elementor-tab-content elementor-clearfix\" data-tab=\"2\" role=\"region\" aria-labelledby=\"elementor-tab-title-7772\"><p>Je\u015bli zale\u017cy Pa\u0144stwu na czasie, zalecamy um\u00f3wi\u0107 termin po\u015bwiadczenia zgodno\u015bci kopii z okazanym dokumentem, wtedy czas dokonania czynno\u015bci b\u0119dzie kr\u00f3tszy. Prosimy o przybycie z dokumentem\/dokumentami do Kancelarii. Nale\u017cy zabra\u0107 ze sob\u0105 tak\u017ce dokument to\u017csamo\u015bci &#8211; dow\u00f3d osobisty\/paszport\/mDow\u00f3d. Koszt po\u015bwiadczenia to kwota 6 z\u0142 netto od ka\u017cdej strony po\u015bwiadczanego dokumentu (stawka vat wynosi 23%).<\/p><\/div>\n\t\t\t\t<\/div>\n\t\t\t\t\t\t\t<div class=\"elementor-toggle-item\">\n\t\t\t\t\t<h6 id=\"elementor-tab-title-7773\" class=\"elementor-tab-title\" data-tab=\"3\" role=\"button\" aria-controls=\"elementor-tab-content-7773\" aria-expanded=\"false\">\n\t\t\t\t\t\t\t\t\t\t\t\t<span class=\"elementor-toggle-icon elementor-toggle-icon-right\" aria-hidden=\"true\">\n\t\t\t\t\t\t\t\t\t\t\t\t\t\t\t<span class=\"elementor-toggle-icon-closed\"><i class=\"fas fa-plus-circle\"><\/i><\/span>\n\t\t\t\t\t\t\t\t<span class=\"elementor-toggle-icon-opened\"><i class=\"elementor-toggle-icon-opened fas fa-minus-circle\"><\/i><\/span>\n\t\t\t\t\t\t\t\t\t\t\t\t\t<\/span>\n\t\t\t\t\t\t\t\t\t\t\t\t<a class=\"elementor-toggle-title\" tabindex=\"0\">Jak za\u0142atwi\u0107 \u201eprzepisanie\u201d ogr\u00f3dka dzia\u0142kowego w ROD?<\/a>\n\t\t\t\t\t<\/h6>\n\n\t\t\t\t\t<div id=\"elementor-tab-content-7773\" class=\"elementor-tab-content elementor-clearfix\" data-tab=\"3\" role=\"region\" aria-labelledby=\"elementor-tab-title-7773\"><p>Polega to na zawarciu umowy przeniesienia prawa do dzia\u0142ki, kt\u00f3r\u0105 nale\u017cy wype\u0142ni\u0107 (ale NIE PODPISYWA\u0106) przed przybyciem do Kancelarii. Wz\u00f3r umowy dost\u0119pny jest w Internecie (m.in. na stronie Polskiego Zwi\u0105zku Dzia\u0142kowc\u00f3w). Zbywca i Nabywca powinni uda\u0107 si\u0119 do notariusza z dokumentami to\u017csamo\u015bci \u2013 dowodami osobistymi\/paszportami oraz z wype\u0142nionymi umowami przeniesienia prawa do dzia\u0142ki \u2013 w tylu egzemplarzach, ile b\u0119d\u0105 chcieli Pa\u0144stwo podpisa\u0107. Notariusz dokonuje po\u015bwiadczenia w\u0142asnor\u0119czno\u015b\u0107 podpis\u00f3w stron z\u0142o\u017conych w jego obecno\u015bci pod powy\u017csz\u0105 umow\u0105. Koszt jednego podpisu to zwykle 10 z\u0142 netto od ka\u017cdego podpisu (stawka vat wynosi 23%). Gdy prawo do dzia\u0142ki jest oznaczone sum\u0105 pieni\u0119\u017cn\u0105 powy\u017cej 3.000 z\u0142, w celu podania taksy prosimy o kontakt z Kancelari\u0105. Nast\u0119pnie nabywca powinien uda\u0107 si\u0119 do Polskiego Zwi\u0105zku Dzia\u0142kowc\u00f3w \u2013 Rodzinnego Ogrodu Dzia\u0142kowego z podpisan\u0105 umow\u0105 i wnioskiem o zatwierdzenie<br \/>przeniesienia prawa do dzia\u0142ki.<\/p><\/div>\n\t\t\t\t<\/div>\n\t\t\t\t\t\t\t<div class=\"elementor-toggle-item\">\n\t\t\t\t\t<h6 id=\"elementor-tab-title-7774\" class=\"elementor-tab-title\" data-tab=\"4\" role=\"button\" aria-controls=\"elementor-tab-content-7774\" aria-expanded=\"false\">\n\t\t\t\t\t\t\t\t\t\t\t\t<span class=\"elementor-toggle-icon elementor-toggle-icon-right\" aria-hidden=\"true\">\n\t\t\t\t\t\t\t\t\t\t\t\t\t\t\t<span class=\"elementor-toggle-icon-closed\"><i class=\"fas fa-plus-circle\"><\/i><\/span>\n\t\t\t\t\t\t\t\t<span class=\"elementor-toggle-icon-opened\"><i class=\"elementor-toggle-icon-opened fas fa-minus-circle\"><\/i><\/span>\n\t\t\t\t\t\t\t\t\t\t\t\t\t<\/span>\n\t\t\t\t\t\t\t\t\t\t\t\t<a class=\"elementor-toggle-title\" tabindex=\"0\">Jakim dokumentem mog\u0119 legitymowa\u0107 si\u0119 u notariusza?<\/a>\n\t\t\t\t\t<\/h6>\n\n\t\t\t\t\t<div id=\"elementor-tab-content-7774\" class=\"elementor-tab-content elementor-clearfix\" data-tab=\"4\" role=\"region\" aria-labelledby=\"elementor-tab-title-7774\"><p>Przy dokonywaniu ka\u017cdej czynno\u015bci notarialnej notariusz ma obowi\u0105zek stwierdzi\u0107 Pa\u0144stwa to\u017csamo\u015b\u0107 na podstawie wa\u017cnego dowodu osobistego, paszportu lub\u00a0<span style=\"font-family: Montserrat, sans-serif; font-size: 14px; font-style: normal; font-variant-ligatures: normal; font-variant-caps: normal; font-weight: 400;\">mDowodu<\/span><span style=\"font-size: 14px;\">. Nie mog\u0105 Pa\u0144stwo legitymowa\u0107 si\u0119 u notariusza prawem jazdy.<\/span><\/p><p>Niewa\u017cny dow\u00f3d osobisty lub paszport nie mo\u017ce by\u0107 u\u017cyty w Kancelarii.<\/p><\/div>\n\t\t\t\t<\/div>\n\t\t\t\t\t\t\t<div class=\"elementor-toggle-item\">\n\t\t\t\t\t<h6 id=\"elementor-tab-title-7775\" class=\"elementor-tab-title\" data-tab=\"5\" role=\"button\" aria-controls=\"elementor-tab-content-7775\" aria-expanded=\"false\">\n\t\t\t\t\t\t\t\t\t\t\t\t<span class=\"elementor-toggle-icon elementor-toggle-icon-right\" aria-hidden=\"true\">\n\t\t\t\t\t\t\t\t\t\t\t\t\t\t\t<span class=\"elementor-toggle-icon-closed\"><i class=\"fas fa-plus-circle\"><\/i><\/span>\n\t\t\t\t\t\t\t\t<span class=\"elementor-toggle-icon-opened\"><i class=\"elementor-toggle-icon-opened fas fa-minus-circle\"><\/i><\/span>\n\t\t\t\t\t\t\t\t\t\t\t\t\t<\/span>\n\t\t\t\t\t\t\t\t\t\t\t\t<a class=\"elementor-toggle-title\" tabindex=\"0\">Jak odebra\u0107 za\u015bwiadczenie z urz\u0119du skarbowego, w przypadku nabycia nieruchomo\u015bci w drodze dziedziczenia?<\/a>\n\t\t\t\t\t<\/h6>\n\n\t\t\t\t\t<div id=\"elementor-tab-content-7775\" class=\"elementor-tab-content elementor-clearfix\" data-tab=\"5\" role=\"region\" aria-labelledby=\"elementor-tab-title-7775\"><p><span style=\"font-weight: 400;\">W tym celu nale\u017cy uda\u0107 si\u0119 do w\u0142a\u015bciwego urz\u0119du skarbowego z dokumentem dotycz\u0105cym dziedziczenia lub aktem notarialnym (umow\u0105 darowizny b\u0105d\u017a nieodp\u0142atnego zniesienia wsp\u00f3\u0142w\u0142asno\u015bci). W urz\u0119dzie trzeba wype\u0142ni\u0107 wniosek o wydanie za\u015bwiadczenia i op\u0142aci\u0107 go kwot\u0105 17 z\u0142 w kasie lub wcze\u015bniej przelewem na konto wskazane przez urz\u0105d (nale\u017cy mie\u0107 przy sobie wydruk potwierdzenia dokonania przelewu). Na za\u015bwiadczenie oczekuje si\u0119 do 7 dni, jednak z praktyki wiemy, \u017ce czasami klientom udaje si\u0119 uzyska\u0107 za\u015bwiadczenie w kr\u00f3tszym czasie.\u00a0\u00a0<\/span><\/p><p><span style=\"font-weight: 400;\">W okresie pandemii urz\u0105d skarbowy wprowadzi\u0142 obowi\u0105zek umawiania wizyt drog\u0105 elektroniczn\u0105 przez stron\u0119 internetow\u0105: <\/span><a href=\"https:\/\/www.podatki.gov.pl\/e-wizyta-w-urzedzie-skarbowym\/\"><span style=\"font-weight: 400;\">https:\/\/www.podatki.gov.pl\/e-wizyta-w-urzedzie-skarbowym\/<\/span><\/a><span style=\"font-weight: 400;\">. Podczas rejestracji wizyty prosz\u0119 w kolejnych krokach wybra\u0107:\u00a0 \u201eZA\u015aWIADCZENIE\u201d, a nast\u0119pnie \u201eW ZAKRESIE PODATKU OD SPADK\u00d3W I DAROWIZN.<\/span><\/p><\/div>\n\t\t\t\t<\/div>\n\t\t\t\t\t\t\t\t<\/div>\n\t\t\t\t\t\t<\/div>\n\t\t\t\t<\/div>\n\t\t\t\t\t<\/div>\n\t\t<\/div>\n\t\t\t\t\t<\/div>\n\t\t<\/section>\n\t\t\t\t<\/div>\n\t\t","protected":false},"excerpt":{"rendered":"<p>FAQ W celu u\u0142atwienia Pa\u0144stwu za\u0142atwienia mniej skomplikowanych spraw, zamie\u015bcili\u015bmy podstawowe informacje, aby mogli Pa\u0144stwo dzia\u0142a\u0107 szybciej i sprawniej. W razie w\u0105tpliwo\u015bci prosimy o bezpo\u015bredni kontakt z Kancelari\u0105, gdzie nasi pracownicy wszystko dok\u0142adnie wyja\u015bni\u0105 i um\u00f3wi\u0105 termin spotkania. Jak za\u0142atwi\u0107 po\u015bwiadczenie podpisu na dokumencie? Je\u015bli zale\u017cy Pa\u0144stwu na czasie, zalecamy um\u00f3wi\u0107 termin po\u015bwiadczenia podpisu, wtedy [&hellip;]<\/p>\n","protected":false},"author":1,"featured_media":0,"parent":0,"menu_order":0,"comment_status":"closed","ping_status":"closed","template":"elementor_header_footer","meta":{"footnotes":""},"class_list":["post-143","page","type-page","status-publish","hentry","entry"],"_links":{"self":[{"href":"https:\/\/swidnicanotariusz.pl\/index.php\/wp-json\/wp\/v2\/pages\/143","targetHints":{"allow":["GET"]}}],"collection":[{"href":"https:\/\/swidnicanotariusz.pl\/index.php\/wp-json\/wp\/v2\/pages"}],"about":[{"href":"https:\/\/swidnicanotariusz.pl\/index.php\/wp-json\/wp\/v2\/types\/page"}],"author":[{"embeddable":true,"href":"https:\/\/swidnicanotariusz.pl\/index.php\/wp-json\/wp\/v2\/users\/1"}],"replies":[{"embeddable":true,"href":"https:\/\/swidnicanotariusz.pl\/index.php\/wp-json\/wp\/v2\/comments?post=143"}],"version-history":[{"count":5,"href":"https:\/\/swidnicanotariusz.pl\/index.php\/wp-json\/wp\/v2\/pages\/143\/revisions"}],"predecessor-version":[{"id":474,"href":"https:\/\/swidnicanotariusz.pl\/index.php\/wp-json\/wp\/v2\/pages\/143\/revisions\/474"}],"wp:attachment":[{"href":"https:\/\/swidnicanotariusz.pl\/index.php\/wp-json\/wp\/v2\/media?parent=143"}],"curies":[{"name":"wp","href":"https:\/\/api.w.org\/{rel}","templated":true}]}}