{"id":141,"date":"2021-11-12T14:35:24","date_gmt":"2021-11-12T13:35:24","guid":{"rendered":"http:\/\/swidnicanotariusz.pl\/?page_id=141"},"modified":"2021-11-15T10:22:12","modified_gmt":"2021-11-15T09:22:12","slug":"cennik","status":"publish","type":"page","link":"https:\/\/swidnicanotariusz.pl\/index.php\/cennik\/","title":{"rendered":"Cennik"},"content":{"rendered":"\t\t<div data-elementor-type=\"wp-page\" data-elementor-id=\"141\" class=\"elementor elementor-141\" data-elementor-post-type=\"page\">\n\t\t\t\t\t\t<section class=\"elementor-section elementor-top-section elementor-element elementor-element-b203d71 elementor-section-height-min-height elementor-section-boxed elementor-section-height-default elementor-section-items-middle\" data-id=\"b203d71\" data-element_type=\"section\" data-settings=\"{&quot;background_background&quot;:&quot;classic&quot;}\">\n\t\t\t\t\t\t\t<div class=\"elementor-background-overlay\"><\/div>\n\t\t\t\t\t\t\t<div class=\"elementor-container elementor-column-gap-default\">\n\t\t\t\t\t<div class=\"elementor-column elementor-col-100 elementor-top-column elementor-element elementor-element-03cd278\" data-id=\"03cd278\" data-element_type=\"column\">\n\t\t\t<div class=\"elementor-widget-wrap elementor-element-populated\">\n\t\t\t\t\t\t<div class=\"elementor-element elementor-element-75029d8 elementor-widget elementor-widget-heading\" data-id=\"75029d8\" data-element_type=\"widget\" data-widget_type=\"heading.default\">\n\t\t\t\t<div class=\"elementor-widget-container\">\n\t\t\t\t\t<h2 class=\"elementor-heading-title elementor-size-default\">CENNIK<\/h2>\t\t\t\t<\/div>\n\t\t\t\t<\/div>\n\t\t\t\t<div class=\"elementor-element elementor-element-7c7af41 elementor-widget-divider--view-line elementor-widget elementor-widget-divider\" data-id=\"7c7af41\" data-element_type=\"widget\" data-widget_type=\"divider.default\">\n\t\t\t\t<div class=\"elementor-widget-container\">\n\t\t\t\t\t\t\t<div class=\"elementor-divider\">\n\t\t\t<span class=\"elementor-divider-separator\">\n\t\t\t\t\t\t<\/span>\n\t\t<\/div>\n\t\t\t\t\t\t<\/div>\n\t\t\t\t<\/div>\n\t\t\t\t\t<\/div>\n\t\t<\/div>\n\t\t\t\t\t<\/div>\n\t\t<\/section>\n\t\t\t\t<section class=\"elementor-section elementor-top-section elementor-element elementor-element-1fabae8 elementor-section-boxed elementor-section-height-default elementor-section-height-default\" data-id=\"1fabae8\" data-element_type=\"section\">\n\t\t\t\t\t\t<div class=\"elementor-container elementor-column-gap-default\">\n\t\t\t\t\t<div class=\"elementor-column elementor-col-100 elementor-top-column elementor-element elementor-element-5102461\" data-id=\"5102461\" data-element_type=\"column\">\n\t\t\t<div class=\"elementor-widget-wrap elementor-element-populated\">\n\t\t\t\t\t\t<div class=\"elementor-element elementor-element-21a1fac elementor-widget elementor-widget-text-editor\" data-id=\"21a1fac\" data-element_type=\"widget\" data-widget_type=\"text-editor.default\">\n\t\t\t\t<div class=\"elementor-widget-container\">\n\t\t\t\t\t\t\t\t\t<p><span style=\"font-weight: 400;\">Notariusz Katarzyna Wicher <\/span><b>bezp\u0142atnie<\/b> <span style=\"font-weight: 400;\">udziela informacji<\/span><span style=\"font-weight: 400;\"> zwi\u0105zanych z czynno\u015bciami notarialnymi.<\/span><\/p><p><span style=\"font-weight: 400;\">Przy dokonywaniu czynno\u015bci notarialnych notariusz pobiera:<\/span><\/p><p><span style=\"font-weight: 400;\">\u2013 op\u0142at\u0119 s\u0105dow\u0105 zgodnie z ustaw\u0105 z dnia 28 lipca 2005 roku o kosztach w sprawach cywilnych,<\/span><\/p><p><span style=\"font-weight: 400;\">\u2013 podatek od czynno\u015bci cywilnoprawnych zgodnie z ustaw\u0105 z dnia 9 wrze\u015bnia 2000 roku o podatku od czynno\u015bci cywilnoprawnych,<\/span><\/p><p><span style=\"font-weight: 400;\">\u2013 podatek od spadk\u00f3w i darowizn zgodnie z ustaw\u0105 z dnia z dnia 28 lipca 1983 roku o podatku od spadk\u00f3w i darowizn,<\/span><\/p><p><span style=\"font-weight: 400;\">\u2013 taks\u0119 notarialn\u0105, kt\u00f3rej wysoko\u015b\u0107 reguluje rozporz\u0105dzenie Ministra Sprawiedliwo\u015bci z dnia 28 czerwca 2004 roku w sprawie maksymalnych stawek taksy notarialnej,<\/span><\/p><p><span style=\"font-weight: 400;\">\u2013 podatek od towar\u00f3w i us\u0142ug w wysoko\u015bci 23% od pobranej taksy notarialnej.<\/span><\/p><p><span style=\"font-weight: 400;\">Pobrane op\u0142aty i podatki notariusz przekazuje na konta bankowe odpowiednich instytucji pa\u0144stwowych.<\/span><\/p><p><span style=\"font-weight: 400;\">Celem uzyskania informacji o szacunkowych kosztach dokonania czynno\u015bci notarialnej prosimy o kontakt osobisty, telefoniczny lub poczt\u0105 elektroniczn\u0105, jednak podanie konkretnych koszt\u00f3w b\u0119dzie mo\u017cliwe w oparciu o przed\u0142o\u017cone dokumenty.<\/span><\/p>\t\t\t\t\t\t\t\t<\/div>\n\t\t\t\t<\/div>\n\t\t\t\t\t<\/div>\n\t\t<\/div>\n\t\t\t\t\t<\/div>\n\t\t<\/section>\n\t\t\t\t<\/div>\n\t\t","protected":false},"excerpt":{"rendered":"<p>CENNIK Notariusz Katarzyna Wicher bezp\u0142atnie udziela informacji zwi\u0105zanych z czynno\u015bciami notarialnymi. Przy dokonywaniu czynno\u015bci notarialnych notariusz pobiera: \u2013 op\u0142at\u0119 s\u0105dow\u0105 zgodnie z ustaw\u0105 z dnia 28 lipca 2005 roku o kosztach w sprawach cywilnych, \u2013 podatek od czynno\u015bci cywilnoprawnych zgodnie z ustaw\u0105 z dnia 9 wrze\u015bnia 2000 roku o podatku od czynno\u015bci cywilnoprawnych, \u2013 podatek [&hellip;]<\/p>\n","protected":false},"author":1,"featured_media":0,"parent":0,"menu_order":0,"comment_status":"closed","ping_status":"closed","template":"elementor_header_footer","meta":{"footnotes":""},"class_list":["post-141","page","type-page","status-publish","hentry","entry"],"_links":{"self":[{"href":"https:\/\/swidnicanotariusz.pl\/index.php\/wp-json\/wp\/v2\/pages\/141","targetHints":{"allow":["GET"]}}],"collection":[{"href":"https:\/\/swidnicanotariusz.pl\/index.php\/wp-json\/wp\/v2\/pages"}],"about":[{"href":"https:\/\/swidnicanotariusz.pl\/index.php\/wp-json\/wp\/v2\/types\/page"}],"author":[{"embeddable":true,"href":"https:\/\/swidnicanotariusz.pl\/index.php\/wp-json\/wp\/v2\/users\/1"}],"replies":[{"embeddable":true,"href":"https:\/\/swidnicanotariusz.pl\/index.php\/wp-json\/wp\/v2\/comments?post=141"}],"version-history":[{"count":5,"href":"https:\/\/swidnicanotariusz.pl\/index.php\/wp-json\/wp\/v2\/pages\/141\/revisions"}],"predecessor-version":[{"id":294,"href":"https:\/\/swidnicanotariusz.pl\/index.php\/wp-json\/wp\/v2\/pages\/141\/revisions\/294"}],"wp:attachment":[{"href":"https:\/\/swidnicanotariusz.pl\/index.php\/wp-json\/wp\/v2\/media?parent=141"}],"curies":[{"name":"wp","href":"https:\/\/api.w.org\/{rel}","templated":true}]}}