{"id":139,"date":"2021-11-12T14:35:04","date_gmt":"2021-11-12T13:35:04","guid":{"rendered":"http:\/\/swidnicanotariusz.pl\/?page_id=139"},"modified":"2025-10-21T15:36:36","modified_gmt":"2025-10-21T13:36:36","slug":"dokumenty","status":"publish","type":"page","link":"https:\/\/swidnicanotariusz.pl\/index.php\/dokumenty\/","title":{"rendered":"Dokumenty"},"content":{"rendered":"\t\t<div data-elementor-type=\"wp-page\" data-elementor-id=\"139\" class=\"elementor elementor-139\" data-elementor-post-type=\"page\">\n\t\t\t\t\t\t<section class=\"elementor-section elementor-top-section elementor-element elementor-element-30dcfbd elementor-section-height-min-height elementor-section-boxed elementor-section-height-default elementor-section-items-middle\" data-id=\"30dcfbd\" data-element_type=\"section\" data-settings=\"{&quot;background_background&quot;:&quot;classic&quot;}\">\n\t\t\t\t\t\t\t<div class=\"elementor-background-overlay\"><\/div>\n\t\t\t\t\t\t\t<div class=\"elementor-container elementor-column-gap-default\">\n\t\t\t\t\t<div class=\"elementor-column elementor-col-100 elementor-top-column elementor-element elementor-element-16e0ad9\" data-id=\"16e0ad9\" data-element_type=\"column\">\n\t\t\t<div class=\"elementor-widget-wrap elementor-element-populated\">\n\t\t\t\t\t\t<div class=\"elementor-element elementor-element-d3ed03e elementor-widget elementor-widget-heading\" data-id=\"d3ed03e\" data-element_type=\"widget\" data-widget_type=\"heading.default\">\n\t\t\t\t<div class=\"elementor-widget-container\">\n\t\t\t\t\t<h2 class=\"elementor-heading-title elementor-size-default\">DOKUMENTY<\/h2>\t\t\t\t<\/div>\n\t\t\t\t<\/div>\n\t\t\t\t<div class=\"elementor-element elementor-element-495a491 elementor-widget-divider--view-line elementor-widget elementor-widget-divider\" data-id=\"495a491\" data-element_type=\"widget\" data-widget_type=\"divider.default\">\n\t\t\t\t<div class=\"elementor-widget-container\">\n\t\t\t\t\t\t\t<div class=\"elementor-divider\">\n\t\t\t<span class=\"elementor-divider-separator\">\n\t\t\t\t\t\t<\/span>\n\t\t<\/div>\n\t\t\t\t\t\t<\/div>\n\t\t\t\t<\/div>\n\t\t\t\t\t<\/div>\n\t\t<\/div>\n\t\t\t\t\t<\/div>\n\t\t<\/section>\n\t\t\t\t<section class=\"elementor-section elementor-top-section elementor-element elementor-element-b33377a elementor-section-boxed elementor-section-height-default elementor-section-height-default\" data-id=\"b33377a\" data-element_type=\"section\">\n\t\t\t\t\t\t<div class=\"elementor-container elementor-column-gap-default\">\n\t\t\t\t\t<div class=\"elementor-column elementor-col-100 elementor-top-column elementor-element elementor-element-256de08\" data-id=\"256de08\" data-element_type=\"column\">\n\t\t\t<div class=\"elementor-widget-wrap elementor-element-populated\">\n\t\t\t\t\t\t<div class=\"elementor-element elementor-element-3673b94 elementor-widget elementor-widget-heading\" data-id=\"3673b94\" data-element_type=\"widget\" data-widget_type=\"heading.default\">\n\t\t\t\t<div class=\"elementor-widget-container\">\n\t\t\t\t\t<h2 class=\"elementor-heading-title elementor-size-default\">Oto przyk\u0142adowe zestawienia dokument\u00f3w wymaganych do aktu notarialnego:<\/h2>\t\t\t\t<\/div>\n\t\t\t\t<\/div>\n\t\t\t\t<div class=\"elementor-element elementor-element-0e82a83 elementor-widget elementor-widget-text-editor\" data-id=\"0e82a83\" data-element_type=\"widget\" data-widget_type=\"text-editor.default\">\n\t\t\t\t<div class=\"elementor-widget-container\">\n\t\t\t\t\t\t\t\t\t<p><span style=\"font-weight: 400;\">1)<\/span><span style=\"font-weight: 400;\">\u00a0 \u00a0 \u00a0 <\/span><span style=\"font-weight: 400;\">Sprzeda\u017c dzia\u0142ki gruntu<\/span><span style=\"font-weight: 400;\">:<\/span><\/p><ul><li style=\"font-weight: 400;\" aria-level=\"1\"><span style=\"font-weight: 400;\">informacja o numerze ksi\u0119gi wieczystej,<\/span><\/li><li style=\"font-weight: 400;\" aria-level=\"1\"><span style=\"font-weight: 400;\">podstawa nabycia*,<\/span><\/li><li style=\"font-weight: 400;\" aria-level=\"1\"><span style=\"font-weight: 400;\">wypis z rejestru grunt\u00f3w, ewentualnie wyrys z mapy\u00a0 ewidencyjnej\u00a0 (do za\u0142o\u017cenia nowej ksi\u0119gi),<\/span><\/li><li style=\"font-weight: 400;\" aria-level=\"1\"><span style=\"font-weight: 400;\">za\u015bwiadczenie lub wypis z miejscowego planu zagospodarowania przestrzennego gminy dla dzia\u0142ki, ewentualnie za\u015bwiadczenie o braku takiego planu,<\/span><\/li><li style=\"font-weight: 400;\" aria-level=\"1\"><span style=\"font-weight: 400;\">za\u015bwiadczenie wydane przez Starostwo Powiatowe, zawieraj\u0105ce informacj\u0119, czy grunt zosta\u0142 obj\u0119ty uproszczonym planem urz\u0105dzenia lasu lub decyzj\u0105 wydan\u0105 na podstawie inwentaryzacji las\u00f3w.<\/span><\/li><\/ul><p><span style=\"font-weight: 400;\">2)<\/span><span style=\"font-weight: 400;\">\u00a0 \u00a0 \u00a0 <\/span><span style=\"font-weight: 400;\">Darowizna dzia\u0142ki gruntu w gronie bliskiej rodziny:<\/span><\/p><ul><li style=\"font-weight: 400;\" aria-level=\"1\"><span style=\"font-weight: 400;\">informacja o numerze ksi\u0119gi wieczystej,<\/span><\/li><li style=\"font-weight: 400;\" aria-level=\"1\"><span style=\"font-weight: 400;\">podstawa nabycia*,<\/span><\/li><li style=\"font-weight: 400;\" aria-level=\"1\"><span style=\"font-weight: 400;\">wypis z rejestru grunt\u00f3w, ewentualnie wyrys z mapy\u00a0 ewidencyjnej\u00a0 (do za\u0142o\u017cenia nowej ksi\u0119gi).<\/span><\/li><\/ul><p><span style=\"font-weight: 400;\">3)<\/span><span style=\"font-weight: 400;\">\u00a0 \u00a0 \u00a0 <\/span><span style=\"font-weight: 400;\">Sprzeda\u017c lokalu mieszkalnego:<\/span><\/p><ul><li style=\"font-weight: 400;\" aria-level=\"1\"><span style=\"font-weight: 400;\">informacja o numerze ksi\u0119gi wieczystej,<\/span><\/li><li style=\"font-weight: 400;\" aria-level=\"1\"><span style=\"font-weight: 400;\">podstawa nabycia*,<\/span><\/li><li style=\"font-weight: 400;\" aria-level=\"1\"><span style=\"font-weight: 400;\">za\u015bwiadczenie o braku os\u00f3b zameldowanych (na \u017c\u0105danie Kupuj\u0105cego),<\/span><\/li><li style=\"font-weight: 400;\" aria-level=\"1\"><span style=\"font-weight: 400;\">umowa kredytowa i o\u015bwiadczenie o ustanowieniu hipoteki (w przypadku zakupu na kredyt).<\/span><\/li><\/ul><p><span style=\"font-weight: 400;\">4)<\/span><span style=\"font-weight: 400;\">\u00a0 \u00a0 \u00a0 <\/span><span style=\"font-weight: 400;\">Darowizna lokalu mieszkalnego:<\/span><\/p><ul><li style=\"font-weight: 400;\" aria-level=\"1\"><span style=\"font-weight: 400;\">informacja o numerze ksi\u0119gi wieczystej,<\/span><\/li><li style=\"font-weight: 400;\" aria-level=\"1\"><span style=\"font-weight: 400;\">podstawa nabycia*,<\/span><\/li><li style=\"font-weight: 400;\" aria-level=\"1\"><span style=\"font-weight: 400;\">informacja, czy Darczy\u0144ca ma \u017cyczenie ustanowi\u0107 s\u0142u\u017cebno\u015b\u0107 mieszkania.<\/span><\/li><\/ul><p><span style=\"font-weight: 400;\">5)<\/span><span style=\"font-weight: 400;\">\u00a0 \u00a0 \u00a0 <\/span><span style=\"font-weight: 400;\">Sprzeda\u017c sp\u00f3\u0142dzielczego w\u0142asno\u015bciowego prawa do lokalu:<\/span><\/p><ul><li style=\"font-weight: 400;\" aria-level=\"1\"><span style=\"font-weight: 400;\">informacja o numerze ksi\u0119gi wieczystej, je\u015bli zosta\u0142a za\u0142o\u017cona,<\/span><\/li><li style=\"font-weight: 400;\" aria-level=\"1\"><span style=\"font-weight: 400;\">za\u015bwiadczenie ze sp\u00f3\u0142dzielni o przys\u0142uguj\u0105cym prawie do lokalu (wa\u017cne 30 dni od daty wydania)<\/span><\/li><\/ul><ul><li style=\"font-weight: 400;\" aria-level=\"1\"><span style=\"font-weight: 400;\">podstawa nabycia podstawa nabycia*.<\/span><\/li><\/ul><p><span style=\"font-weight: 400;\">6)<\/span><span style=\"font-weight: 400;\">\u00a0 \u00a0 \u00a0 <\/span><span style=\"font-weight: 400;\">Pe\u0142nomocnictwo do sprzeda\u017cy:<\/span><\/p><ul><li style=\"font-weight: 400;\" aria-level=\"1\"><span style=\"font-weight: 400;\">dane osobowe osoby udzielaj\u0105cej pe\u0142nomocnictwa,<\/span><\/li><li style=\"font-weight: 400;\" aria-level=\"1\"><span style=\"font-weight: 400;\">dane osobowe pe\u0142nomocnika,<\/span><\/li><li style=\"font-weight: 400;\" aria-level=\"1\"><span style=\"font-weight: 400;\">informacja o numerze ksi\u0119gi wieczystej, wskazane jest tak\u017ce okazanie podstawy nabycia,<\/span><\/li><li style=\"font-weight: 400;\" aria-level=\"1\"><span style=\"font-weight: 400;\">informacja o zakresie pe\u0142nomocnictwa.<\/span><\/li><\/ul><p><span style=\"font-weight: 400;\">7)<\/span><span style=\"font-weight: 400;\">\u00a0 \u00a0 \u00a0 <\/span><span style=\"font-weight: 400;\">Testament:<\/span><\/p><ul><li style=\"font-weight: 400;\" aria-level=\"1\"><span style=\"font-weight: 400;\">dane osobowe osoby sporz\u0105dzaj\u0105cej testament<\/span><span style=\"font-weight: 400;\">\u00a0<\/span><\/li><li style=\"font-weight: 400;\" aria-level=\"1\"><span style=\"font-weight: 400;\">dane osobowe osoby\/os\u00f3b powo\u0142ywanych do spadku (imiona, nazwisko, imiona rodzic\u00f3w, data urodzenia i miejsce urodzenia).<\/span><\/li><\/ul><p><span style=\"font-weight: 400;\">8)<\/span><span style=\"font-weight: 400;\">\u00a0 \u00a0 \u00a0 <\/span><span style=\"font-weight: 400;\">Umowa rozdzielno\u015bci maj\u0105tkowej:<\/span><\/p><ul><li style=\"font-weight: 400;\" aria-level=\"1\"><span style=\"font-weight: 400;\">odpis skr\u00f3cony aktu ma\u0142\u017ce\u0144stwa lub podana data zawarcia ma\u0142\u017ce\u0144stwa w przypadku intercyzy.<\/span><\/li><\/ul><p><span style=\"font-weight: 400;\">9)<\/span><span style=\"font-weight: 400;\">\u00a0 \u00a0 \u00a0 <\/span><span style=\"font-weight: 400;\">Akt po\u015bwiadczenia dziedziczenia:<\/span><\/p><ul><li style=\"font-weight: 400;\" aria-level=\"1\"><span style=\"font-weight: 400;\">akt zgonu spadkodawcy,<\/span><\/li><li style=\"font-weight: 400;\" aria-level=\"1\"><span style=\"font-weight: 400;\">testament spadkodawcy, je\u017celi zosta\u0142 sporz\u0105dzony,<\/span><\/li><li style=\"font-weight: 400;\" aria-level=\"1\"><span style=\"font-weight: 400;\">akty stanu cywilnego spadkobierc\u00f3w: odpisy skr\u00f3cone akt\u00f3w urodzenia (m\u0119\u017cczy\u017ani, kobiety niezam\u0119\u017cne) lub odpisy skr\u00f3cone akt\u00f3w ma\u0142\u017ce\u0144stwa (kobiety zam\u0119\u017cne),<\/span><\/li><li style=\"font-weight: 400;\" aria-level=\"1\"><span style=\"font-weight: 400;\">nr PESEL zmar\u0142ego \u2013 \u201eprzeci\u0119ty\u201d dow\u00f3d osobisty zmar\u0142ego lub za\u015bwiadczenie z w\u0142a\u015bciwej gminy o numerze PESEL zmar\u0142ego.<\/span><\/li><\/ul><p><span style=\"font-weight: 400;\">* <\/span><b>podstawa nabycia <\/b>akt notarialny (<span style=\"font-weight: 400;\">np. umowa zakupu nieruchomo\u015bci) lub postanowienie s\u0105du o stwierdzeniu nabycia spadku\/akt po\u015bwiadczenia dziedziczenia w <\/span><span style=\"font-weight: 400;\">przypadku nabycia nieruchomo\u015bci w drodze dziedziczenia.<\/span><\/p>\t\t\t\t\t\t\t\t<\/div>\n\t\t\t\t<\/div>\n\t\t\t\t<div class=\"elementor-element elementor-element-a301270 elementor-widget elementor-widget-text-editor\" data-id=\"a301270\" data-element_type=\"widget\" data-widget_type=\"text-editor.default\">\n\t\t\t\t<div class=\"elementor-widget-container\">\n\t\t\t\t\t\t\t\t\t<p><span style=\"font-weight: 400;\">Ponadto za ka\u017cdym razem potrzebujemy danych osobowych wszystkich Stron (oba imiona, nazwiska, imiona rodzic\u00f3w, PESEL, aktualny adres zamieszkania, nr dowodu osobistego lub paszportu, stan cywilny).<\/span><\/p>\n<p><span style=\"font-weight: 400;\">UWAGA! W przypadku nabycia nieruchomo\u015bci w drodze dziedziczenia wymagane jest <\/span><b>za\u015bwiadczenie urz\u0119du skarbowego<\/b><span style=\"font-weight: 400;\"> o zwolnieniu b\u0105d\u017a uregulowaniu podatku od spadku lub darowizny.<\/span><\/p>\n<p><span style=\"font-weight: 400;\">Powy\u017csze zestawienia dokument\u00f3w maj\u0105 jedynie charakter pogl\u0105dowy, poniewa\u017c ka\u017cda sprawa jest inna i mo\u017ce wymaga\u0107 dodatkowych dokument\u00f3w (np. umowy kredytowej, uchwa\u0142y wsp\u00f3lnik\u00f3w sp\u00f3\u0142ki z o.o., aktu zgonu do wykre\u015blenia s\u0142u\u017cebno\u015bci z ksi\u0119gi, itp.)<\/span><\/p>\n<p><span style=\"font-weight: 400;\">Istnieje mo\u017cliwo\u015b\u0107 dostarczenia orygina\u0142\u00f3w dokument\u00f3w bezpo\u015brednio na dokonywan\u0105 czynno\u015b\u0107 notarialn\u0105, jednak w tym wypadku kopie lub skany dokument\u00f3w powinny by\u0107 okazane przynajmniej na <\/span><span style=\"font-weight: 400;\">dwa dni<\/span><span style=\"font-weight: 400;\"> przed um\u00f3wionym terminem podpisania aktu (osobi\u015bcie lub drog\u0105 elektroniczn\u0105). Zastrzegamy mo\u017cliwo\u015b\u0107 wyd\u0142u\u017cenia tego terminu w&nbsp; zale\u017cno\u015bci od skomplikowania sprawy.<\/span><\/p>\t\t\t\t\t\t\t\t<\/div>\n\t\t\t\t<\/div>\n\t\t\t\t\t<\/div>\n\t\t<\/div>\n\t\t\t\t\t<\/div>\n\t\t<\/section>\n\t\t\t\t<\/div>\n\t\t","protected":false},"excerpt":{"rendered":"<p>DOKUMENTY Oto przyk\u0142adowe zestawienia dokument\u00f3w wymaganych do aktu notarialnego: 1)\u00a0 \u00a0 \u00a0 Sprzeda\u017c dzia\u0142ki gruntu: informacja o numerze ksi\u0119gi wieczystej, podstawa nabycia*, wypis z rejestru grunt\u00f3w, ewentualnie wyrys z mapy\u00a0 ewidencyjnej\u00a0 (do za\u0142o\u017cenia nowej ksi\u0119gi), za\u015bwiadczenie lub wypis z miejscowego planu zagospodarowania przestrzennego gminy dla dzia\u0142ki, ewentualnie za\u015bwiadczenie o braku takiego planu, za\u015bwiadczenie wydane przez [&hellip;]<\/p>\n","protected":false},"author":1,"featured_media":0,"parent":0,"menu_order":0,"comment_status":"closed","ping_status":"closed","template":"elementor_header_footer","meta":{"footnotes":""},"class_list":["post-139","page","type-page","status-publish","hentry","entry"],"_links":{"self":[{"href":"https:\/\/swidnicanotariusz.pl\/index.php\/wp-json\/wp\/v2\/pages\/139","targetHints":{"allow":["GET"]}}],"collection":[{"href":"https:\/\/swidnicanotariusz.pl\/index.php\/wp-json\/wp\/v2\/pages"}],"about":[{"href":"https:\/\/swidnicanotariusz.pl\/index.php\/wp-json\/wp\/v2\/types\/page"}],"author":[{"embeddable":true,"href":"https:\/\/swidnicanotariusz.pl\/index.php\/wp-json\/wp\/v2\/users\/1"}],"replies":[{"embeddable":true,"href":"https:\/\/swidnicanotariusz.pl\/index.php\/wp-json\/wp\/v2\/comments?post=139"}],"version-history":[{"count":5,"href":"https:\/\/swidnicanotariusz.pl\/index.php\/wp-json\/wp\/v2\/pages\/139\/revisions"}],"predecessor-version":[{"id":463,"href":"https:\/\/swidnicanotariusz.pl\/index.php\/wp-json\/wp\/v2\/pages\/139\/revisions\/463"}],"wp:attachment":[{"href":"https:\/\/swidnicanotariusz.pl\/index.php\/wp-json\/wp\/v2\/media?parent=139"}],"curies":[{"name":"wp","href":"https:\/\/api.w.org\/{rel}","templated":true}]}}