{"id":137,"date":"2021-11-12T14:34:51","date_gmt":"2021-11-12T13:34:51","guid":{"rendered":"http:\/\/swidnicanotariusz.pl\/?page_id=137"},"modified":"2021-11-12T14:49:05","modified_gmt":"2021-11-12T13:49:05","slug":"uslugi-notarialne","status":"publish","type":"page","link":"https:\/\/swidnicanotariusz.pl\/index.php\/uslugi-notarialne\/","title":{"rendered":"Us\u0142ugi notarialne"},"content":{"rendered":"\t\t<div data-elementor-type=\"wp-page\" data-elementor-id=\"137\" class=\"elementor elementor-137\" data-elementor-post-type=\"page\">\n\t\t\t\t\t\t<section class=\"elementor-section elementor-top-section elementor-element elementor-element-ea8221c elementor-section-height-min-height elementor-section-boxed elementor-section-height-default elementor-section-items-middle\" data-id=\"ea8221c\" data-element_type=\"section\" data-settings=\"{&quot;background_background&quot;:&quot;classic&quot;}\">\n\t\t\t\t\t\t\t<div class=\"elementor-background-overlay\"><\/div>\n\t\t\t\t\t\t\t<div class=\"elementor-container elementor-column-gap-default\">\n\t\t\t\t\t<div class=\"elementor-column elementor-col-100 elementor-top-column elementor-element elementor-element-bfdf34c\" data-id=\"bfdf34c\" data-element_type=\"column\">\n\t\t\t<div class=\"elementor-widget-wrap elementor-element-populated\">\n\t\t\t\t\t\t<div class=\"elementor-element elementor-element-de1ef31 elementor-widget elementor-widget-heading\" data-id=\"de1ef31\" data-element_type=\"widget\" data-widget_type=\"heading.default\">\n\t\t\t\t<div class=\"elementor-widget-container\">\n\t\t\t\t\t<h2 class=\"elementor-heading-title elementor-size-default\">US\u0141UGI NOTARIALNE<\/h2>\t\t\t\t<\/div>\n\t\t\t\t<\/div>\n\t\t\t\t<div class=\"elementor-element elementor-element-d284c9b elementor-widget-divider--view-line elementor-widget elementor-widget-divider\" data-id=\"d284c9b\" data-element_type=\"widget\" data-widget_type=\"divider.default\">\n\t\t\t\t<div class=\"elementor-widget-container\">\n\t\t\t\t\t\t\t<div class=\"elementor-divider\">\n\t\t\t<span class=\"elementor-divider-separator\">\n\t\t\t\t\t\t<\/span>\n\t\t<\/div>\n\t\t\t\t\t\t<\/div>\n\t\t\t\t<\/div>\n\t\t\t\t\t<\/div>\n\t\t<\/div>\n\t\t\t\t\t<\/div>\n\t\t<\/section>\n\t\t\t\t<section class=\"elementor-section elementor-top-section elementor-element elementor-element-617c8ac elementor-section-boxed elementor-section-height-default elementor-section-height-default\" data-id=\"617c8ac\" data-element_type=\"section\">\n\t\t\t\t\t\t<div class=\"elementor-container elementor-column-gap-default\">\n\t\t\t\t\t<div class=\"elementor-column elementor-col-100 elementor-top-column elementor-element elementor-element-348efe3\" data-id=\"348efe3\" data-element_type=\"column\">\n\t\t\t<div class=\"elementor-widget-wrap elementor-element-populated\">\n\t\t\t\t\t\t<div class=\"elementor-element elementor-element-f33727f elementor-widget elementor-widget-heading\" data-id=\"f33727f\" data-element_type=\"widget\" data-widget_type=\"heading.default\">\n\t\t\t\t<div class=\"elementor-widget-container\">\n\t\t\t\t\t<h2 class=\"elementor-heading-title elementor-size-default\">Notariusz dokonuje nast\u0119puj\u0105cych czynno\u015bci:<\/h2>\t\t\t\t<\/div>\n\t\t\t\t<\/div>\n\t\t\t\t<div class=\"elementor-element elementor-element-2885367 elementor-widget elementor-widget-text-editor\" data-id=\"2885367\" data-element_type=\"widget\" data-widget_type=\"text-editor.default\">\n\t\t\t\t<div class=\"elementor-widget-container\">\n\t\t\t\t\t\t\t\t\t<p><span style=\"font-weight: 400;\">1) sporz\u0105dza akty notarialne (np. umowy sprzeda\u017cy, umowy darowizny, umowy zamiany, umowy o dzia\u0142 spadku, umowy zniesienia wsp\u00f3\u0142w\u0142asno\u015bci, umowy o podzia\u0142 maj\u0105tku wsp\u00f3lnego, umowy ustanowienia\u00a0 rozdzielno\u015bci maj\u0105tkowej, o\u015bwiadczenie o ustanowieniu hipoteki, s\u0142u\u017cebno\u015bci,\u00a0 umowy o podzia\u0142 do korzystania, testamenty, o\u015bwiadczenia o poddaniu si\u0119 rygorowi egzekucji, w tym na zabezpieczenie zap\u0142aty pieni\u0119dzy lub wydania nieruchomo\u015bci, w szczeg\u00f3lno\u015bci w zwi\u0105zku z umow\u0105 najmu okazjonalnego);<\/span><\/p><p><span style=\"font-weight: 400;\">2) sporz\u0105dza akty po\u015bwiadczenia dziedziczenia (kt\u00f3re odnosz\u0105 skutek prawomocnego postanowienia s\u0105du w sprawie o stwierdzenie nabycia spadku, wtedy nie musz\u0105 Pa\u0144stwo przeprowadza\u0107 post\u0119powania spadkowego przed s\u0105dem);<\/span><\/p><p><span style=\"font-weight: 400;\">3) podejmuje czynno\u015bci dotycz\u0105ce europejskiego po\u015bwiadczenia spadkowego;<\/span><\/p><p><span style=\"font-weight: 400;\">4) podejmuje czynno\u015bci zwi\u0105zane z zarz\u0105dem sukcesyjnym przedsi\u0119biorstwem osoby fizycznej i z tymczasowym przedstawicielem w zakresie udzia\u0142u ma\u0142\u017conka przedsi\u0119biorcy w przedsi\u0119biorstwie, na zasadach okre\u015blonych w<\/span><a href=\"https:\/\/sip.lex.pl\/#\/document\/18749130?cm=DOCUMENT\"><span style=\"font-weight: 400;\"> ustawie<\/span><\/a><span style=\"font-weight: 400;\"> z dnia 5 lipca 2018 r. o zarz\u0105dzie sukcesyjnym przedsi\u0119biorstwem osoby fizycznej i innych u\u0142atwieniach zwi\u0105zanych z sukcesj\u0105 przedsi\u0119biorstw;<\/span><\/p><p><span style=\"font-weight: 400;\">5) sporz\u0105dza po\u015bwiadczenia (np. w\u0142asnor\u0119czno\u015bci podpisu, zgodno\u015bci odpisu, wyci\u0105gu lub kopii z okazanym dokumentem, daty okazania dokumentu, pozostawania osoby przy \u017cyciu lub w okre\u015blonym miejscu);<\/span><\/p><p><span style=\"font-weight: 400;\">6) spisuje protoko\u0142y (np. zgromadze\u0144 sp\u00f3\u0142ek prawa handlowego, o\u015bwiadcze\u0144 o odrzuceniu spadku, otwarcia testamentu, spisu inwentarza);<\/span><\/p><p><span style=\"font-weight: 400;\">7) sporz\u0105dza protesty weksli i czek\u00f3w;<\/span><\/p><p><span style=\"font-weight: 400;\">8) przyjmuje na przechowanie pieni\u0105dze (co zapewnia pewno\u015b\u0107 obrotu gospodarczego), papiery warto\u015bciowe, dokumenty, dane na informatycznym no\u015bniku danych, o kt\u00f3rym mowa w przepisach o informatyzacji dzia\u0142alno\u015bci podmiot\u00f3w realizuj\u0105cych zadania publiczne;<\/span><\/p><p><span style=\"font-weight: 400;\">9) prowadzi rejestry akcjonariuszy prostych sp\u00f3\u0142ek akcyjnych oraz podejmuje zwi\u0105zane z tym czynno\u015bci;<\/span><\/p><p><span style=\"font-weight: 400;\">10) sporz\u0105dza wypisy, odpisy i wyci\u0105gi dokument\u00f3w;<\/span><\/p><p><span style=\"font-weight: 400;\">11) sporz\u0105dza, na \u017c\u0105danie stron, projekty akt\u00f3w, o\u015bwiadcze\u0144 i innych dokument\u00f3w;<\/span><\/p><p><span style=\"font-weight: 400;\">12) sk\u0142ada wnioski o wpis w ksi\u0119dze wieczystej wraz z dokumentami stanowi\u0105cymi podstaw\u0119 wpisu w ksi\u0119dze wieczystej;<\/span><\/p><p><span style=\"font-weight: 400;\">13) sporz\u0105dza inne czynno\u015bci wynikaj\u0105ce z odr\u0119bnych przepis\u00f3w.<\/span><\/p>\t\t\t\t\t\t\t\t<\/div>\n\t\t\t\t<\/div>\n\t\t\t\t\t<\/div>\n\t\t<\/div>\n\t\t\t\t\t<\/div>\n\t\t<\/section>\n\t\t\t\t<\/div>\n\t\t","protected":false},"excerpt":{"rendered":"<p>US\u0141UGI NOTARIALNE Notariusz dokonuje nast\u0119puj\u0105cych czynno\u015bci: 1) sporz\u0105dza akty notarialne (np. umowy sprzeda\u017cy, umowy darowizny, umowy zamiany, umowy o dzia\u0142 spadku, umowy zniesienia wsp\u00f3\u0142w\u0142asno\u015bci, umowy o podzia\u0142 maj\u0105tku wsp\u00f3lnego, umowy ustanowienia\u00a0 rozdzielno\u015bci maj\u0105tkowej, o\u015bwiadczenie o ustanowieniu hipoteki, s\u0142u\u017cebno\u015bci,\u00a0 umowy o podzia\u0142 do korzystania, testamenty, o\u015bwiadczenia o poddaniu si\u0119 rygorowi egzekucji, w tym na zabezpieczenie zap\u0142aty [&hellip;]<\/p>\n","protected":false},"author":1,"featured_media":0,"parent":0,"menu_order":0,"comment_status":"closed","ping_status":"closed","template":"elementor_header_footer","meta":{"footnotes":""},"class_list":["post-137","page","type-page","status-publish","hentry","entry"],"_links":{"self":[{"href":"https:\/\/swidnicanotariusz.pl\/index.php\/wp-json\/wp\/v2\/pages\/137","targetHints":{"allow":["GET"]}}],"collection":[{"href":"https:\/\/swidnicanotariusz.pl\/index.php\/wp-json\/wp\/v2\/pages"}],"about":[{"href":"https:\/\/swidnicanotariusz.pl\/index.php\/wp-json\/wp\/v2\/types\/page"}],"author":[{"embeddable":true,"href":"https:\/\/swidnicanotariusz.pl\/index.php\/wp-json\/wp\/v2\/users\/1"}],"replies":[{"embeddable":true,"href":"https:\/\/swidnicanotariusz.pl\/index.php\/wp-json\/wp\/v2\/comments?post=137"}],"version-history":[{"count":5,"href":"https:\/\/swidnicanotariusz.pl\/index.php\/wp-json\/wp\/v2\/pages\/137\/revisions"}],"predecessor-version":[{"id":184,"href":"https:\/\/swidnicanotariusz.pl\/index.php\/wp-json\/wp\/v2\/pages\/137\/revisions\/184"}],"wp:attachment":[{"href":"https:\/\/swidnicanotariusz.pl\/index.php\/wp-json\/wp\/v2\/media?parent=137"}],"curies":[{"name":"wp","href":"https:\/\/api.w.org\/{rel}","templated":true}]}}